{"id":989491,"date":"2025-10-24T12:07:11","date_gmt":"2025-10-24T12:07:11","guid":{"rendered":"https:\/\/hunward.com\/services-2\/"},"modified":"2025-12-18T15:40:51","modified_gmt":"2025-12-18T15:40:51","slug":"services","status":"publish","type":"page","link":"https:\/\/hunward.com\/fr\/services\/","title":{"rendered":"SERVICES"},"content":{"rendered":"\t\t<div data-elementor-type=\"wp-page\" data-elementor-id=\"989491\" class=\"elementor elementor-989491 elementor-989476\" data-elementor-post-type=\"page\">\n\t\t\t\t<div class=\"elementor-element elementor-element-c159e45 e-flex e-con-boxed e-con e-child\" data-id=\"c159e45\" data-element_type=\"container\" data-settings=\"{&quot;background_background&quot;:&quot;classic&quot;,&quot;background_motion_fx_motion_fx_scrolling&quot;:&quot;yes&quot;,&quot;background_motion_fx_devices&quot;:[&quot;desktop&quot;,&quot;tablet&quot;,&quot;mobile&quot;]}\">\n\t\t\t\t\t<div class=\"e-con-inner\">\n\t\t<div class=\"elementor-element elementor-element-c037c9d e-con-full e-flex e-con e-child\" data-id=\"c037c9d\" data-element_type=\"container\">\n\t\t<div class=\"elementor-element elementor-element-5d1d08b e-con-full e-flex e-con e-child\" data-id=\"5d1d08b\" data-element_type=\"container\">\n\t\t\t\t<div class=\"elementor-element elementor-element-282c436 elementor-widget elementor-widget-heading\" data-id=\"282c436\" data-element_type=\"widget\" data-widget_type=\"heading.default\">\n\t\t\t\t<div class=\"elementor-widget-container\">\n\t\t\t\t\t<h2 class=\"elementor-heading-title elementor-size-default\">SERVICES<\/h2>\t\t\t\t<\/div>\n\t\t\t\t<\/div>\n\t\t\t\t<\/div>\n\t\t<div class=\"elementor-element elementor-element-7758400 e-con-full e-flex e-con e-child\" data-id=\"7758400\" data-element_type=\"container\">\n\t\t\t\t<div class=\"elementor-element elementor-element-fd15ab4 elementor-widget elementor-widget-heading\" data-id=\"fd15ab4\" data-element_type=\"widget\" data-widget_type=\"heading.default\">\n\t\t\t\t<div class=\"elementor-widget-container\">\n\t\t\t\t\t<h1 class=\"elementor-heading-title elementor-size-default\">Les nouveaux march\u00e9s ne doivent pas sembler inaccessibles<\/h1>\t\t\t\t<\/div>\n\t\t\t\t<\/div>\n\t\t\t\t<\/div>\n\t\t<div class=\"elementor-element elementor-element-460e3b9 e-con-full e-flex e-con e-child\" data-id=\"460e3b9\" data-element_type=\"container\">\n\t\t\t\t<div class=\"elementor-element elementor-element-80ce087 elementor-widget elementor-widget-heading\" data-id=\"80ce087\" data-element_type=\"widget\" data-widget_type=\"heading.default\">\n\t\t\t\t<div class=\"elementor-widget-container\">\n\t\t\t\t\t<p class=\"elementor-heading-title elementor-size-default\">Nous simplifions le processus, r\u00e9duisons les risques et vous aidons \u00e0 avancer en toute confiance.\nQue vous exploriez votre premi\u00e8re op\u00e9ration en Afrique ou que vous d\u00e9veloppiez une pr\u00e9sence d\u00e9j\u00e0 \u00e9tablie,\nlaissez-nous vous accompagner avec la clart\u00e9, la structure et l\u2019int\u00e9grit\u00e9 n\u00e9cessaires pour r\u00e9ussir au-del\u00e0 des fronti\u00e8res.<\/p>\t\t\t\t<\/div>\n\t\t\t\t<\/div>\n\t\t\t\t<\/div>\n\t\t\t\t<\/div>\n\t\t\t\t\t<\/div>\n\t\t\t\t<\/div>\n\t\t<div class=\"elementor-element elementor-element-4ccd19a e-flex e-con-boxed e-con e-parent\" data-id=\"4ccd19a\" data-element_type=\"container\" data-settings=\"{&quot;background_background&quot;:&quot;classic&quot;}\">\n\t\t\t\t\t<div class=\"e-con-inner\">\n\t\t\t\t<div class=\"elementor-element elementor-element-3f7615f elementor-widget elementor-widget-elementskit-heading\" data-id=\"3f7615f\" data-element_type=\"widget\" data-widget_type=\"elementskit-heading.default\">\n\t\t\t\t<div class=\"elementor-widget-container\">\n\t\t\t\t\t<div class=\"ekit-wid-con\" ><div class=\"ekit-heading elementskit-section-title-wraper center   ekit_heading_tablet-   ekit_heading_mobile-\"><h3 class=\"ekit-heading--title elementskit-section-title \">Ce que nous faisons<\/h3><\/div><\/div>\t\t\t\t<\/div>\n\t\t\t\t<\/div>\n\t\t<div class=\"elementor-element elementor-element-28a816b e-con-full e-grid e-con e-child\" data-id=\"28a816b\" data-element_type=\"container\">\n\t\t\t\t<div class=\"elementor-element elementor-element-e75b89e elementor-widget__width-inherit elementor-position-top elementor-widget elementor-widget-image-box\" data-id=\"e75b89e\" data-element_type=\"widget\" data-widget_type=\"image-box.default\">\n\t\t\t\t<div class=\"elementor-widget-container\">\n\t\t\t\t\t<div class=\"elementor-image-box-wrapper\"><figure class=\"elementor-image-box-img\"><img fetchpriority=\"high\" decoding=\"async\" width=\"1707\" height=\"960\" src=\"https:\/\/hunward.com\/wp-content\/uploads\/2025\/10\/pexels-photo-33095902-33095902-scaled-e1760387393387.jpg\" class=\"attachment-full size-full wp-image-989488\" alt=\"SERVICES\" title=\"SERVICES\" srcset=\"https:\/\/hunward.com\/wp-content\/uploads\/2025\/10\/pexels-photo-33095902-33095902-scaled-e1760387393387.jpg 1707w, https:\/\/hunward.com\/wp-content\/uploads\/2025\/10\/pexels-photo-33095902-33095902-scaled-e1760387393387-300x169.jpg 300w, https:\/\/hunward.com\/wp-content\/uploads\/2025\/10\/pexels-photo-33095902-33095902-scaled-e1760387393387-1024x576.jpg 1024w, https:\/\/hunward.com\/wp-content\/uploads\/2025\/10\/pexels-photo-33095902-33095902-scaled-e1760387393387-768x432.jpg 768w, https:\/\/hunward.com\/wp-content\/uploads\/2025\/10\/pexels-photo-33095902-33095902-scaled-e1760387393387-1536x864.jpg 1536w\" sizes=\"(max-width: 1707px) 100vw, 1707px\" \/><\/figure><div class=\"elementor-image-box-content\"><h3 class=\"elementor-image-box-title\">D\u00e9mystifier le march\u00e9 africain<\/h3><p class=\"elementor-image-box-description\"><ul><li>Analyses juridiques, fiscales, douani\u00e8res et logistiques adapt\u00e9es \u00e0 chaque pays<\/li><li>Conseils marketing et strat\u00e9gies de mise sur le march\u00e9 bas\u00e9s sur une v\u00e9ritable exp\u00e9rience terrain<\/li><\/ul><\/p><\/div><\/div>\t\t\t\t<\/div>\n\t\t\t\t<\/div>\n\t\t\t\t<div class=\"elementor-element elementor-element-c03fce1 elementor-widget__width-inherit elementor-position-top elementor-widget elementor-widget-image-box\" data-id=\"c03fce1\" data-element_type=\"widget\" data-widget_type=\"image-box.default\">\n\t\t\t\t<div class=\"elementor-widget-container\">\n\t\t\t\t\t<div class=\"elementor-image-box-wrapper\"><figure class=\"elementor-image-box-img\"><img decoding=\"async\" width=\"2560\" height=\"1707\" src=\"https:\/\/hunward.com\/wp-content\/uploads\/2025\/10\/pexels-photo-6285080-6285080-scaled.jpg\" class=\"attachment-full size-full wp-image-989234\" alt=\"Deux professionnels discutent de donn\u00e9es marketing sur un ordinateur portable dans un bureau moderne.\" title=\"SERVICES\" srcset=\"https:\/\/hunward.com\/wp-content\/uploads\/2025\/10\/pexels-photo-6285080-6285080-scaled.jpg 2560w, https:\/\/hunward.com\/wp-content\/uploads\/2025\/10\/pexels-photo-6285080-6285080-300x200.jpg 300w, https:\/\/hunward.com\/wp-content\/uploads\/2025\/10\/pexels-photo-6285080-6285080-1024x683.jpg 1024w, https:\/\/hunward.com\/wp-content\/uploads\/2025\/10\/pexels-photo-6285080-6285080-768x512.jpg 768w, https:\/\/hunward.com\/wp-content\/uploads\/2025\/10\/pexels-photo-6285080-6285080-1536x1024.jpg 1536w, https:\/\/hunward.com\/wp-content\/uploads\/2025\/10\/pexels-photo-6285080-6285080-2048x1365.jpg 2048w\" sizes=\"(max-width: 2560px) 100vw, 2560px\" \/><\/figure><div class=\"elementor-image-box-content\"><h3 class=\"elementor-image-box-title\">Vous connecter avec des experts v\u00e9rifi\u00e9s<\/h3><p class=\"elementor-image-box-description\"><ul><li>Professionnels locaux en droit, fiscalit\u00e9, comptabilit\u00e9, audit, logistique, assurance, marketing, et bien plus.<\/li><li>Nous coordonnons et supervisons leur travail pour garantir coh\u00e9rence, r\u00e9activit\u00e9 et confiance<\/li><\/ul><\/p><\/div><\/div>\t\t\t\t<\/div>\n\t\t\t\t<\/div>\n\t\t\t\t<div class=\"elementor-element elementor-element-8d1e055 elementor-widget__width-inherit elementor-position-top elementor-widget elementor-widget-image-box\" data-id=\"8d1e055\" data-element_type=\"widget\" data-widget_type=\"image-box.default\">\n\t\t\t\t<div class=\"elementor-widget-container\">\n\t\t\t\t\t<div class=\"elementor-image-box-wrapper\"><figure class=\"elementor-image-box-img\"><img decoding=\"async\" width=\"2560\" height=\"1708\" src=\"https:\/\/hunward.com\/wp-content\/uploads\/2025\/10\/pexels-photo-5833262-5833262-scaled.jpg\" class=\"attachment-full size-full wp-image-989235\" alt=\"SERVICES\" title=\"SERVICES\" srcset=\"https:\/\/hunward.com\/wp-content\/uploads\/2025\/10\/pexels-photo-5833262-5833262-scaled.jpg 2560w, https:\/\/hunward.com\/wp-content\/uploads\/2025\/10\/pexels-photo-5833262-5833262-300x200.jpg 300w, https:\/\/hunward.com\/wp-content\/uploads\/2025\/10\/pexels-photo-5833262-5833262-1024x683.jpg 1024w, https:\/\/hunward.com\/wp-content\/uploads\/2025\/10\/pexels-photo-5833262-5833262-768x512.jpg 768w, https:\/\/hunward.com\/wp-content\/uploads\/2025\/10\/pexels-photo-5833262-5833262-1536x1025.jpg 1536w, https:\/\/hunward.com\/wp-content\/uploads\/2025\/10\/pexels-photo-5833262-5833262-2048x1366.jpg 2048w\" sizes=\"(max-width: 2560px) 100vw, 2560px\" \/><\/figure><div class=\"elementor-image-box-content\"><h3 class=\"elementor-image-box-title\">Identifier de v\u00e9ritables opportunit\u00e9s commerciales<\/h3><p class=\"elementor-image-box-description\"><ul><li>Nous rep\u00e9rons, v\u00e9rifions et pr\u00e9sentons des projets et options d\u2019investissement s\u00e9lectionn\u00e9s avec rigueur<\/li><li>Nous vous accompagnons depuis la phase de recherche jusqu\u2019\u00e0 la signature du contrat et l\u2019ex\u00e9cution de l\u2019op\u00e9ration<\/li><\/ul><\/p><\/div><\/div>\t\t\t\t<\/div>\n\t\t\t\t<\/div>\n\t\t\t\t<div class=\"elementor-element elementor-element-2fd8f4c elementor-widget__width-inherit elementor-position-top elementor-widget elementor-widget-image-box\" data-id=\"2fd8f4c\" data-element_type=\"widget\" data-widget_type=\"image-box.default\">\n\t\t\t\t<div class=\"elementor-widget-container\">\n\t\t\t\t\t<div class=\"elementor-image-box-wrapper\"><figure class=\"elementor-image-box-img\"><img loading=\"lazy\" decoding=\"async\" width=\"2560\" height=\"1707\" src=\"https:\/\/hunward.com\/wp-content\/uploads\/2025\/10\/pexels-photo-8867631-8867631-scaled.jpg\" class=\"attachment-full size-full wp-image-989489\" alt=\"SERVICES\" title=\"SERVICES\" srcset=\"https:\/\/hunward.com\/wp-content\/uploads\/2025\/10\/pexels-photo-8867631-8867631-scaled.jpg 2560w, https:\/\/hunward.com\/wp-content\/uploads\/2025\/10\/pexels-photo-8867631-8867631-300x200.jpg 300w, https:\/\/hunward.com\/wp-content\/uploads\/2025\/10\/pexels-photo-8867631-8867631-1024x683.jpg 1024w, https:\/\/hunward.com\/wp-content\/uploads\/2025\/10\/pexels-photo-8867631-8867631-768x512.jpg 768w, https:\/\/hunward.com\/wp-content\/uploads\/2025\/10\/pexels-photo-8867631-8867631-1536x1024.jpg 1536w, https:\/\/hunward.com\/wp-content\/uploads\/2025\/10\/pexels-photo-8867631-8867631-2048x1365.jpg 2048w\" sizes=\"(max-width: 2560px) 100vw, 2560px\" \/><\/figure><div class=\"elementor-image-box-content\"><h3 class=\"elementor-image-box-title\">G\u00e9rer les frictions techniques<\/h3><p class=\"elementor-image-box-description\"><ul><li>Acc\u00e9l\u00e9ration du processus KYC, gestion des paiements transfrontaliers et accompagnement dans l\u2019enregistrement des soci\u00e9t\u00e9s<\/li><li>Surmonter les obstacles r\u00e9glementaires modernes avec un soutien concret<\/li><\/ul><\/p><\/div><\/div>\t\t\t\t<\/div>\n\t\t\t\t<\/div>\n\t\t\t\t<div class=\"elementor-element elementor-element-ace5081 elementor-widget__width-inherit elementor-position-top elementor-widget elementor-widget-image-box\" data-id=\"ace5081\" data-element_type=\"widget\" data-widget_type=\"image-box.default\">\n\t\t\t\t<div class=\"elementor-widget-container\">\n\t\t\t\t\t<div class=\"elementor-image-box-wrapper\"><figure class=\"elementor-image-box-img\"><img loading=\"lazy\" decoding=\"async\" width=\"2560\" height=\"1707\" src=\"https:\/\/hunward.com\/wp-content\/uploads\/2025\/10\/pexels-photo-3184294-3184294-scaled.jpg\" class=\"attachment-full size-full wp-image-989237\" alt=\"SERVICES\" title=\"SERVICES\" srcset=\"https:\/\/hunward.com\/wp-content\/uploads\/2025\/10\/pexels-photo-3184294-3184294-scaled.jpg 2560w, https:\/\/hunward.com\/wp-content\/uploads\/2025\/10\/pexels-photo-3184294-3184294-300x200.jpg 300w, https:\/\/hunward.com\/wp-content\/uploads\/2025\/10\/pexels-photo-3184294-3184294-1024x683.jpg 1024w, https:\/\/hunward.com\/wp-content\/uploads\/2025\/10\/pexels-photo-3184294-3184294-768x512.jpg 768w, https:\/\/hunward.com\/wp-content\/uploads\/2025\/10\/pexels-photo-3184294-3184294-1536x1024.jpg 1536w, https:\/\/hunward.com\/wp-content\/uploads\/2025\/10\/pexels-photo-3184294-3184294-2048x1365.jpg 2048w\" sizes=\"(max-width: 2560px) 100vw, 2560px\" \/><\/figure><div class=\"elementor-image-box-content\"><h3 class=\"elementor-image-box-title\">Recruter les talents locaux<\/h3><p class=\"elementor-image-box-description\"><ul><li>Aide au recrutement de personnel local fiable, d\u2019interpr\u00e8tes et de partenaires de terrain<\/li><li>Mise en relation avec des prestataires et fournisseurs locaux<\/li><\/ul><\/p><\/div><\/div>\t\t\t\t<\/div>\n\t\t\t\t<\/div>\n\t\t\t\t<div class=\"elementor-element elementor-element-d2e676a elementor-widget__width-inherit elementor-position-top elementor-widget elementor-widget-image-box\" data-id=\"d2e676a\" data-element_type=\"widget\" data-widget_type=\"image-box.default\">\n\t\t\t\t<div class=\"elementor-widget-container\">\n\t\t\t\t\t<div class=\"elementor-image-box-wrapper\"><figure class=\"elementor-image-box-img\"><img loading=\"lazy\" decoding=\"async\" width=\"2560\" height=\"1706\" src=\"https:\/\/hunward.com\/wp-content\/uploads\/2025\/10\/pexels-photo-6150527-6150527-scaled.jpg\" class=\"attachment-full size-full wp-image-989490\" alt=\"SERVICES\" title=\"SERVICES\" srcset=\"https:\/\/hunward.com\/wp-content\/uploads\/2025\/10\/pexels-photo-6150527-6150527-scaled.jpg 2560w, https:\/\/hunward.com\/wp-content\/uploads\/2025\/10\/pexels-photo-6150527-6150527-300x200.jpg 300w, https:\/\/hunward.com\/wp-content\/uploads\/2025\/10\/pexels-photo-6150527-6150527-1024x683.jpg 1024w, https:\/\/hunward.com\/wp-content\/uploads\/2025\/10\/pexels-photo-6150527-6150527-768x512.jpg 768w, https:\/\/hunward.com\/wp-content\/uploads\/2025\/10\/pexels-photo-6150527-6150527-1536x1024.jpg 1536w, https:\/\/hunward.com\/wp-content\/uploads\/2025\/10\/pexels-photo-6150527-6150527-2048x1365.jpg 2048w\" sizes=\"(max-width: 2560px) 100vw, 2560px\" \/><\/figure><div class=\"elementor-image-box-content\"><h3 class=\"elementor-image-box-title\">Soutien op\u00e9rationnel continu<\/h3><p class=\"elementor-image-box-description\"><ul><li>Accompagnement dans la dur\u00e9e pour b\u00e2tir des partenariats solides, au-del\u00e0 des transactions ponctuelles<\/li><\/ul><\/p><\/div><\/div>\t\t\t\t<\/div>\n\t\t\t\t<\/div>\n\t\t\t\t<div class=\"elementor-element elementor-element-197e4ec elementor-widget__width-inherit elementor-position-top elementor-widget elementor-widget-image-box\" data-id=\"197e4ec\" data-element_type=\"widget\" data-widget_type=\"image-box.default\">\n\t\t\t\t<div class=\"elementor-widget-container\">\n\t\t\t\t\t<div class=\"elementor-image-box-wrapper\"><figure class=\"elementor-image-box-img\"><img loading=\"lazy\" decoding=\"async\" width=\"1280\" height=\"837\" src=\"https:\/\/hunward.com\/wp-content\/uploads\/2025\/10\/g52caccd417baf344fd9305dbcea294fea02ae3adf786b7795dfec140a5a99cc9f2808c432d917f093d2d085c727cb0fe107e5354e63883c0ba5ec64f542aa402_1280-1591018.jpg\" class=\"attachment-full size-full wp-image-989239\" alt=\"SERVICES\" title=\"SERVICES\" srcset=\"https:\/\/hunward.com\/wp-content\/uploads\/2025\/10\/g52caccd417baf344fd9305dbcea294fea02ae3adf786b7795dfec140a5a99cc9f2808c432d917f093d2d085c727cb0fe107e5354e63883c0ba5ec64f542aa402_1280-1591018.jpg 1280w, https:\/\/hunward.com\/wp-content\/uploads\/2025\/10\/g52caccd417baf344fd9305dbcea294fea02ae3adf786b7795dfec140a5a99cc9f2808c432d917f093d2d085c727cb0fe107e5354e63883c0ba5ec64f542aa402_1280-1591018-300x196.jpg 300w, https:\/\/hunward.com\/wp-content\/uploads\/2025\/10\/g52caccd417baf344fd9305dbcea294fea02ae3adf786b7795dfec140a5a99cc9f2808c432d917f093d2d085c727cb0fe107e5354e63883c0ba5ec64f542aa402_1280-1591018-1024x670.jpg 1024w, https:\/\/hunward.com\/wp-content\/uploads\/2025\/10\/g52caccd417baf344fd9305dbcea294fea02ae3adf786b7795dfec140a5a99cc9f2808c432d917f093d2d085c727cb0fe107e5354e63883c0ba5ec64f542aa402_1280-1591018-768x502.jpg 768w\" sizes=\"(max-width: 1280px) 100vw, 1280px\" \/><\/figure><div class=\"elementor-image-box-content\"><h3 class=\"elementor-image-box-title\">S\u00e9curit\u00e9<\/h3><p class=\"elementor-image-box-description\"><ul><li>V\u00e9rifications pr\u00e9alables (due diligence) et KYC des contreparties<\/li><li>Due diligence des actifs dans le cadre d\u2019investissements<\/li><li>S\u00e9curit\u00e9 physique<\/li><\/ul><\/p><\/div><\/div>\t\t\t\t<\/div>\n\t\t\t\t<\/div>\n\t\t\t\t<\/div>\n\t\t\t\t\t<\/div>\n\t\t\t\t<\/div>\n\t\t<div class=\"elementor-element elementor-element-3fe56b6 e-flex e-con-boxed e-con e-parent\" data-id=\"3fe56b6\" data-element_type=\"container\">\n\t\t\t\t\t<div class=\"e-con-inner\">\n\t\t\t\t<div class=\"elementor-element elementor-element-a6a7755 elementor-widget elementor-widget-code-highlight\" data-id=\"a6a7755\" data-element_type=\"widget\" data-widget_type=\"code-highlight.default\">\n\t\t\t\t<div class=\"elementor-widget-container\">\n\t\t\t\t\t\t\t<div class=\"prismjs-default copy-to-clipboard \">\n\t\t\t<pre data-line=\"\" class=\"highlight-height language-css line-numbers\">\n\t\t\t\t<code readonly=\"true\" class=\"language-css\">\n\t\t\t\t\t<xmp>\/*fix header*\/\r\n.ast-builder-menu-1 .menu-item > .menu-link {\r\n    padding-left: 3px;\r\n    padding-right: 3px;\r\n}<\/xmp>\n\t\t\t\t<\/code>\n\t\t\t<\/pre>\n\t\t<\/div>\n\t\t\t\t\t\t<\/div>\n\t\t\t\t<\/div>\n\t\t\t\t\t<\/div>\n\t\t\t\t<\/div>\n\t\t\t\t<\/div>\n\t\t","protected":false},"excerpt":{"rendered":"<p>SERVICES Les nouveaux march\u00e9s ne doivent pas sembler inaccessibles Nous simplifions le processus, r\u00e9duisons les risques et vous aidons \u00e0 [&hellip;]<\/p>\n","protected":false},"author":2,"featured_media":0,"parent":0,"menu_order":0,"comment_status":"closed","ping_status":"closed","template":"elementor_header_footer","meta":{"site-sidebar-layout":"default","site-content-layout":"","ast-site-content-layout":"default","site-content-style":"default","site-sidebar-style":"default","ast-global-header-display":"","ast-banner-title-visibility":"","ast-main-header-display":"","ast-hfb-above-header-display":"","ast-hfb-below-header-display":"","ast-hfb-mobile-header-display":"","site-post-title":"disabled","ast-breadcrumbs-content":"disabled","ast-featured-img":"","footer-sml-layout":"","theme-transparent-header-meta":"","adv-header-id-meta":"","stick-header-meta":"","header-above-stick-meta":"","header-main-stick-meta":"","header-below-stick-meta":"","astra-migrate-meta-layouts":"default","ast-page-background-enabled":"default","ast-page-background-meta":{"desktop":{"background-color":"","background-image":"","background-repeat":"repeat","background-position":"center center","background-size":"auto","background-attachment":"scroll","background-type":"","background-media":"","overlay-type":"","overlay-color":"","overlay-opacity":"","overlay-gradient":""},"tablet":{"background-color":"","background-image":"","background-repeat":"repeat","background-position":"center center","background-size":"auto","background-attachment":"scroll","background-type":"","background-media":"","overlay-type":"","overlay-color":"","overlay-opacity":"","overlay-gradient":""},"mobile":{"background-color":"","background-image":"","background-repeat":"repeat","background-position":"center center","background-size":"auto","background-attachment":"scroll","background-type":"","background-media":"","overlay-type":"","overlay-color":"","overlay-opacity":"","overlay-gradient":""}},"ast-content-background-meta":{"desktop":{"background-color":"var(--ast-global-color-5)","background-image":"","background-repeat":"repeat","background-position":"center center","background-size":"auto","background-attachment":"scroll","background-type":"","background-media":"","overlay-type":"","overlay-color":"","overlay-opacity":"","overlay-gradient":""},"tablet":{"background-color":"var(--ast-global-color-5)","background-image":"","background-repeat":"repeat","background-position":"center center","background-size":"auto","background-attachment":"scroll","background-type":"","background-media":"","overlay-type":"","overlay-color":"","overlay-opacity":"","overlay-gradient":""},"mobile":{"background-color":"var(--ast-global-color-5)","background-image":"","background-repeat":"repeat","background-position":"center center","background-size":"auto","background-attachment":"scroll","background-type":"","background-media":"","overlay-type":"","overlay-color":"","overlay-opacity":"","overlay-gradient":""}},"footnotes":""},"class_list":["post-989491","page","type-page","status-publish","hentry"],"_links":{"self":[{"href":"https:\/\/hunward.com\/fr\/wp-json\/wp\/v2\/pages\/989491","targetHints":{"allow":["GET"]}}],"collection":[{"href":"https:\/\/hunward.com\/fr\/wp-json\/wp\/v2\/pages"}],"about":[{"href":"https:\/\/hunward.com\/fr\/wp-json\/wp\/v2\/types\/page"}],"author":[{"embeddable":true,"href":"https:\/\/hunward.com\/fr\/wp-json\/wp\/v2\/users\/2"}],"replies":[{"embeddable":true,"href":"https:\/\/hunward.com\/fr\/wp-json\/wp\/v2\/comments?post=989491"}],"version-history":[{"count":9,"href":"https:\/\/hunward.com\/fr\/wp-json\/wp\/v2\/pages\/989491\/revisions"}],"predecessor-version":[{"id":989780,"href":"https:\/\/hunward.com\/fr\/wp-json\/wp\/v2\/pages\/989491\/revisions\/989780"}],"wp:attachment":[{"href":"https:\/\/hunward.com\/fr\/wp-json\/wp\/v2\/media?parent=989491"}],"curies":[{"name":"wp","href":"https:\/\/api.w.org\/{rel}","templated":true}]}}