{"id":989112,"date":"2025-10-05T20:52:32","date_gmt":"2025-10-05T20:52:32","guid":{"rendered":"https:\/\/hunward.com\/a-propos-de-nous\/"},"modified":"2025-12-18T15:24:19","modified_gmt":"2025-12-18T15:24:19","slug":"about","status":"publish","type":"page","link":"https:\/\/hunward.com\/fr\/about\/","title":{"rendered":"\u00c0 PROPOS DE NOUS"},"content":{"rendered":"\t\t<div data-elementor-type=\"wp-page\" data-elementor-id=\"989112\" class=\"elementor elementor-989112 elementor-988588\" data-elementor-post-type=\"page\">\n\t\t\t\t<div class=\"elementor-element elementor-element-13b237ac e-flex e-con-boxed e-con e-child\" data-id=\"13b237ac\" data-element_type=\"container\" data-settings=\"{&quot;background_background&quot;:&quot;classic&quot;,&quot;background_motion_fx_motion_fx_scrolling&quot;:&quot;yes&quot;,&quot;background_motion_fx_devices&quot;:[&quot;desktop&quot;,&quot;tablet&quot;,&quot;mobile&quot;]}\">\n\t\t\t\t\t<div class=\"e-con-inner\">\n\t\t<div class=\"elementor-element elementor-element-d9c7f47 e-con-full e-flex e-con e-child\" data-id=\"d9c7f47\" data-element_type=\"container\">\n\t\t<div class=\"elementor-element elementor-element-98babb5 e-con-full e-flex e-con e-child\" data-id=\"98babb5\" data-element_type=\"container\">\n\t\t\t\t<div class=\"elementor-element elementor-element-610d287 elementor-widget elementor-widget-heading\" data-id=\"610d287\" data-element_type=\"widget\" data-widget_type=\"heading.default\">\n\t\t\t\t<div class=\"elementor-widget-container\">\n\t\t\t\t\t<h2 class=\"elementor-heading-title elementor-size-default\">\u00c0 PROPOS DE NOUS<\/h2>\t\t\t\t<\/div>\n\t\t\t\t<\/div>\n\t\t\t\t<\/div>\n\t\t<div class=\"elementor-element elementor-element-3da21a4 e-con-full e-flex e-con e-child\" data-id=\"3da21a4\" data-element_type=\"container\">\n\t\t\t\t<div class=\"elementor-element elementor-element-0a6ae32 elementor-widget elementor-widget-heading\" data-id=\"0a6ae32\" data-element_type=\"widget\" data-widget_type=\"heading.default\">\n\t\t\t\t<div class=\"elementor-widget-container\">\n\t\t\t\t\t<h1 class=\"elementor-heading-title elementor-size-default\">Votre passerelle unique vers les march\u00e9s africains<\/h1>\t\t\t\t<\/div>\n\t\t\t\t<\/div>\n\t\t\t\t<\/div>\n\t\t<div class=\"elementor-element elementor-element-fb85271 e-con-full e-flex e-con e-child\" data-id=\"fb85271\" data-element_type=\"container\">\n\t\t\t\t<div class=\"elementor-element elementor-element-e45a660 elementor-widget elementor-widget-heading\" data-id=\"e45a660\" data-element_type=\"widget\" data-widget_type=\"heading.default\">\n\t\t\t\t<div class=\"elementor-widget-container\">\n\t\t\t\t\t<p class=\"elementor-heading-title elementor-size-default\">Nous construisons des ponts l\u00e0 o\u00f9 il n\u2019en existe pas \u2014 en facilitant des relations commerciales fiables et concr\u00e8tes entre l\u2019Afrique et le reste du monde<\/p>\t\t\t\t<\/div>\n\t\t\t\t<\/div>\n\t\t\t\t<\/div>\n\t\t\t\t<\/div>\n\t\t\t\t\t<\/div>\n\t\t\t\t<\/div>\n\t\t<div class=\"elementor-element elementor-element-7eda0ea e-flex e-con-boxed e-con e-child\" data-id=\"7eda0ea\" data-element_type=\"container\" data-settings=\"{&quot;background_background&quot;:&quot;classic&quot;,&quot;background_motion_fx_motion_fx_scrolling&quot;:&quot;yes&quot;,&quot;background_motion_fx_devices&quot;:[&quot;desktop&quot;,&quot;tablet&quot;,&quot;mobile&quot;]}\">\n\t\t\t\t\t<div class=\"e-con-inner\">\n\t\t<div class=\"elementor-element elementor-element-a11597e e-con-full e-flex e-con e-child\" data-id=\"a11597e\" data-element_type=\"container\">\n\t\t<div class=\"elementor-element elementor-element-b6f8dad e-con-full e-flex e-con e-child\" data-id=\"b6f8dad\" data-element_type=\"container\">\n\t\t\t\t<div class=\"elementor-element elementor-element-6078e8e elementor-widget elementor-widget-heading\" data-id=\"6078e8e\" data-element_type=\"widget\" data-widget_type=\"heading.default\">\n\t\t\t\t<div class=\"elementor-widget-container\">\n\t\t\t\t\t<h1 class=\"elementor-heading-title elementor-size-default\">Our Mission<\/h1>\t\t\t\t<\/div>\n\t\t\t\t<\/div>\n\t\t\t\t<\/div>\n\t\t<div class=\"elementor-element elementor-element-6a69df7 e-con-full e-flex e-con e-child\" data-id=\"6a69df7\" data-element_type=\"container\">\n\t\t\t\t<div class=\"elementor-element elementor-element-2efc804 elementor-widget elementor-widget-heading\" data-id=\"2efc804\" data-element_type=\"widget\" data-widget_type=\"heading.default\">\n\t\t\t\t<div class=\"elementor-widget-container\">\n\t\t\t\t\t<p class=\"elementor-heading-title elementor-size-default\">Hunward met en relation les entreprises avec les opportunit\u00e9s \u00e9mergentes de l'Afrique \u2014<br>\nfaisant le lien entre les march\u00e9s, les personnes et les capitaux pour stimuler une croissance durable dans tous les secteurs.<\/p>\t\t\t\t<\/div>\n\t\t\t\t<\/div>\n\t\t\t\t<\/div>\n\t\t\t\t<\/div>\n\t\t\t\t\t<\/div>\n\t\t\t\t<\/div>\n\t\t<div class=\"elementor-element elementor-element-2f105e2a e-flex e-con-boxed e-con e-parent\" data-id=\"2f105e2a\" data-element_type=\"container\" data-settings=\"{&quot;background_background&quot;:&quot;classic&quot;}\">\n\t\t\t\t\t<div class=\"e-con-inner\">\n\t\t\t\t<div class=\"elementor-element elementor-element-a9adaa1 elementor-widget elementor-widget-elementskit-heading\" data-id=\"a9adaa1\" data-element_type=\"widget\" data-widget_type=\"elementskit-heading.default\">\n\t\t\t\t<div class=\"elementor-widget-container\">\n\t\t\t\t\t<div class=\"ekit-wid-con\" ><div class=\"ekit-heading elementskit-section-title-wraper center   ekit_heading_tablet-   ekit_heading_mobile-\"><h3 class=\"ekit-heading--title elementskit-section-title \">Forts de plus de 5 ans d\u2019exp\u00e9rience sur les march\u00e9s africains, notre \u00e9quipe s\u2019est engag\u00e9e activement dans :<\/h3><\/div><\/div>\t\t\t\t<\/div>\n\t\t\t\t<\/div>\n\t\t<div class=\"elementor-element elementor-element-7ed2cae2 e-con-full e-grid e-con e-child\" data-id=\"7ed2cae2\" data-element_type=\"container\">\n\t\t\t\t<div class=\"elementor-element elementor-element-aeb248a elementor-widget__width-inherit elementor-position-top elementor-widget elementor-widget-image-box\" data-id=\"aeb248a\" data-element_type=\"widget\" data-widget_type=\"image-box.default\">\n\t\t\t\t<div class=\"elementor-widget-container\">\n\t\t\t\t\t<div class=\"elementor-image-box-wrapper\"><figure class=\"elementor-image-box-img\"><img fetchpriority=\"high\" decoding=\"async\" width=\"1280\" height=\"848\" src=\"https:\/\/hunward.com\/wp-content\/uploads\/2025\/10\/gdf866923e6f67cd56c643990fc46194d9b048f0198c2239374951ad7c23e9ee6b79590f618f25ffade14b8142a2664f62a371ba3a6b1d0d77770e48b0d3840d2_1280-6100152.jpg\" class=\"attachment-full size-full wp-image-989098\" alt=\"nuts, seeds, macadamia, raw, organic, ingredients, food, healthy, crack, protein, nutshell, nutrition, shell, snack, fruit, kernel, fresh, pile, macadamia, macadamia, macadamia, macadamia, macadamia\" title=\"\u00c0 PROPOS DE NOUS\" srcset=\"https:\/\/hunward.com\/wp-content\/uploads\/2025\/10\/gdf866923e6f67cd56c643990fc46194d9b048f0198c2239374951ad7c23e9ee6b79590f618f25ffade14b8142a2664f62a371ba3a6b1d0d77770e48b0d3840d2_1280-6100152.jpg 1280w, https:\/\/hunward.com\/wp-content\/uploads\/2025\/10\/gdf866923e6f67cd56c643990fc46194d9b048f0198c2239374951ad7c23e9ee6b79590f618f25ffade14b8142a2664f62a371ba3a6b1d0d77770e48b0d3840d2_1280-6100152-300x199.jpg 300w, https:\/\/hunward.com\/wp-content\/uploads\/2025\/10\/gdf866923e6f67cd56c643990fc46194d9b048f0198c2239374951ad7c23e9ee6b79590f618f25ffade14b8142a2664f62a371ba3a6b1d0d77770e48b0d3840d2_1280-6100152-1024x678.jpg 1024w, https:\/\/hunward.com\/wp-content\/uploads\/2025\/10\/gdf866923e6f67cd56c643990fc46194d9b048f0198c2239374951ad7c23e9ee6b79590f618f25ffade14b8142a2664f62a371ba3a6b1d0d77770e48b0d3840d2_1280-6100152-768x509.jpg 768w\" sizes=\"(max-width: 1280px) 100vw, 1280px\" \/><\/figure><div class=\"elementor-image-box-content\"><h3 class=\"elementor-image-box-title\">Exportation en gros de noix de macadamia depuis le Kenya<\/h3><\/div><\/div>\t\t\t\t<\/div>\n\t\t\t\t<\/div>\n\t\t\t\t<div class=\"elementor-element elementor-element-8ffb116 elementor-widget__width-inherit elementor-position-top elementor-widget elementor-widget-image-box\" data-id=\"8ffb116\" data-element_type=\"widget\" data-widget_type=\"image-box.default\">\n\t\t\t\t<div class=\"elementor-widget-container\">\n\t\t\t\t\t<div class=\"elementor-image-box-wrapper\"><figure class=\"elementor-image-box-img\"><img decoding=\"async\" width=\"2560\" height=\"1707\" src=\"https:\/\/hunward.com\/wp-content\/uploads\/2025\/10\/pexels-photo-7412090-7412090-scaled.jpg\" class=\"attachment-full size-full wp-image-989099\" alt=\"Top view of creative world continents made of various nuts and assorted dried fruits on white background in light room\" title=\"\u00c0 PROPOS DE NOUS\" srcset=\"https:\/\/hunward.com\/wp-content\/uploads\/2025\/10\/pexels-photo-7412090-7412090-scaled.jpg 2560w, https:\/\/hunward.com\/wp-content\/uploads\/2025\/10\/pexels-photo-7412090-7412090-300x200.jpg 300w, https:\/\/hunward.com\/wp-content\/uploads\/2025\/10\/pexels-photo-7412090-7412090-1024x683.jpg 1024w, https:\/\/hunward.com\/wp-content\/uploads\/2025\/10\/pexels-photo-7412090-7412090-768x512.jpg 768w, https:\/\/hunward.com\/wp-content\/uploads\/2025\/10\/pexels-photo-7412090-7412090-1536x1024.jpg 1536w, https:\/\/hunward.com\/wp-content\/uploads\/2025\/10\/pexels-photo-7412090-7412090-2048x1365.jpg 2048w\" sizes=\"(max-width: 2560px) 100vw, 2560px\" \/><\/figure><div class=\"elementor-image-box-content\"><h3 class=\"elementor-image-box-title\">Fabrication et exportation de produits de d\u00e9tail \u00e0 base de noix depuis le Kenya<\/h3><p class=\"elementor-image-box-description\">(huile de noix, pur\u00e9es\/beurres de noix, etc.) <\/p><\/div><\/div>\t\t\t\t<\/div>\n\t\t\t\t<\/div>\n\t\t\t\t<div class=\"elementor-element elementor-element-a4ddb50 elementor-widget__width-inherit elementor-position-top elementor-widget elementor-widget-image-box\" data-id=\"a4ddb50\" data-element_type=\"widget\" data-widget_type=\"image-box.default\">\n\t\t\t\t<div class=\"elementor-widget-container\">\n\t\t\t\t\t<div class=\"elementor-image-box-wrapper\"><figure class=\"elementor-image-box-img\"><img decoding=\"async\" width=\"1561\" height=\"1058\" src=\"https:\/\/hunward.com\/wp-content\/uploads\/2025\/10\/\u043b\u0430\u043c\u043f\u043e\u0447\u043a\u0430-1.jpg\" class=\"attachment-full size-full wp-image-989111\" alt=\"\u043b\u0430\u043c\u043f\u043e\u0447\u043a\u0430\" title=\"\u00c0 PROPOS DE NOUS\" srcset=\"https:\/\/hunward.com\/wp-content\/uploads\/2025\/10\/\u043b\u0430\u043c\u043f\u043e\u0447\u043a\u0430-1.jpg 1561w, https:\/\/hunward.com\/wp-content\/uploads\/2025\/10\/\u043b\u0430\u043c\u043f\u043e\u0447\u043a\u0430-1-300x203.jpg 300w, https:\/\/hunward.com\/wp-content\/uploads\/2025\/10\/\u043b\u0430\u043c\u043f\u043e\u0447\u043a\u0430-1-1024x694.jpg 1024w, https:\/\/hunward.com\/wp-content\/uploads\/2025\/10\/\u043b\u0430\u043c\u043f\u043e\u0447\u043a\u0430-1-768x521.jpg 768w, https:\/\/hunward.com\/wp-content\/uploads\/2025\/10\/\u043b\u0430\u043c\u043f\u043e\u0447\u043a\u0430-1-1536x1041.jpg 1536w\" sizes=\"(max-width: 1561px) 100vw, 1561px\" \/><\/figure><div class=\"elementor-image-box-content\"><h3 class=\"elementor-image-box-title\">Lancement de startups dans l\u2019\u00e9nergie hydrog\u00e8ne au Kenya et en Afrique du Sud<\/h3><\/div><\/div>\t\t\t\t<\/div>\n\t\t\t\t<\/div>\n\t\t\t\t<div class=\"elementor-element elementor-element-dac593a elementor-widget__width-inherit elementor-position-top elementor-widget elementor-widget-image-box\" data-id=\"dac593a\" data-element_type=\"widget\" data-widget_type=\"image-box.default\">\n\t\t\t\t<div class=\"elementor-widget-container\">\n\t\t\t\t\t<div class=\"elementor-image-box-wrapper\"><figure class=\"elementor-image-box-img\"><img loading=\"lazy\" decoding=\"async\" width=\"1280\" height=\"842\" src=\"https:\/\/hunward.com\/wp-content\/uploads\/2025\/10\/g3bab059b8d68d1a85be8706e994dff80256d711ee9e59b050338525d2a8e42b7905c5a6702ad878f296424908c2d2ace5248c42087def1b1d48d5871b2826c46_1280-2138992.jpg\" class=\"attachment-full size-full wp-image-989101\" alt=\"photovoltaic, photovoltaic system, solar system, solar, solar energy, nature, solar cell, power generation, solar panel, energy transition, energy, electricity, solar power, renewable, solar field, solar cells, sun, heaven, voltage, technology, environment, power supply, light, clouds, renewable energy\" title=\"\u00c0 PROPOS DE NOUS\" srcset=\"https:\/\/hunward.com\/wp-content\/uploads\/2025\/10\/g3bab059b8d68d1a85be8706e994dff80256d711ee9e59b050338525d2a8e42b7905c5a6702ad878f296424908c2d2ace5248c42087def1b1d48d5871b2826c46_1280-2138992.jpg 1280w, https:\/\/hunward.com\/wp-content\/uploads\/2025\/10\/g3bab059b8d68d1a85be8706e994dff80256d711ee9e59b050338525d2a8e42b7905c5a6702ad878f296424908c2d2ace5248c42087def1b1d48d5871b2826c46_1280-2138992-300x197.jpg 300w, https:\/\/hunward.com\/wp-content\/uploads\/2025\/10\/g3bab059b8d68d1a85be8706e994dff80256d711ee9e59b050338525d2a8e42b7905c5a6702ad878f296424908c2d2ace5248c42087def1b1d48d5871b2826c46_1280-2138992-1024x674.jpg 1024w, https:\/\/hunward.com\/wp-content\/uploads\/2025\/10\/g3bab059b8d68d1a85be8706e994dff80256d711ee9e59b050338525d2a8e42b7905c5a6702ad878f296424908c2d2ace5248c42087def1b1d48d5871b2826c46_1280-2138992-768x505.jpg 768w\" sizes=\"(max-width: 1280px) 100vw, 1280px\" \/><\/figure><div class=\"elementor-image-box-content\"><h3 class=\"elementor-image-box-title\">Exploration de projets dans les \u00e9nergies renouvelables au Maroc, au Botswana et en Namibie<\/h3><\/div><\/div>\t\t\t\t<\/div>\n\t\t\t\t<\/div>\n\t\t\t\t<div class=\"elementor-element elementor-element-a76ad0b elementor-widget__width-inherit elementor-position-top elementor-widget elementor-widget-image-box\" data-id=\"a76ad0b\" data-element_type=\"widget\" data-widget_type=\"image-box.default\">\n\t\t\t\t<div class=\"elementor-widget-container\">\n\t\t\t\t\t<div class=\"elementor-image-box-wrapper\"><figure class=\"elementor-image-box-img\"><img loading=\"lazy\" decoding=\"async\" width=\"2560\" height=\"1674\" src=\"https:\/\/hunward.com\/wp-content\/uploads\/2025\/10\/pexels-photo-16862261-16862261-scaled.jpg\" class=\"attachment-full size-full wp-image-989102\" alt=\"Dramatic silhouette of an oil pump jack against a vibrant sunset sky, emphasizing energy extraction.\" title=\"\u00c0 PROPOS DE NOUS\" srcset=\"https:\/\/hunward.com\/wp-content\/uploads\/2025\/10\/pexels-photo-16862261-16862261-scaled.jpg 2560w, https:\/\/hunward.com\/wp-content\/uploads\/2025\/10\/pexels-photo-16862261-16862261-300x196.jpg 300w, https:\/\/hunward.com\/wp-content\/uploads\/2025\/10\/pexels-photo-16862261-16862261-1024x669.jpg 1024w, https:\/\/hunward.com\/wp-content\/uploads\/2025\/10\/pexels-photo-16862261-16862261-768x502.jpg 768w, https:\/\/hunward.com\/wp-content\/uploads\/2025\/10\/pexels-photo-16862261-16862261-1536x1004.jpg 1536w, https:\/\/hunward.com\/wp-content\/uploads\/2025\/10\/pexels-photo-16862261-16862261-2048x1339.jpg 2048w\" sizes=\"(max-width: 2560px) 100vw, 2560px\" \/><\/figure><div class=\"elementor-image-box-content\"><h3 class=\"elementor-image-box-title\">Accompagnement d\u2019une grande entreprise russe de p\u00e9trole et de gaz dans ses recherches de march\u00e9 au Maroc<\/h3><p class=\"elementor-image-box-description\">(analyse juridique et douani\u00e8re)<\/p><\/div><\/div>\t\t\t\t<\/div>\n\t\t\t\t<\/div>\n\t\t\t\t<div class=\"elementor-element elementor-element-87d0b8b elementor-widget__width-inherit elementor-position-top elementor-widget elementor-widget-image-box\" data-id=\"87d0b8b\" data-element_type=\"widget\" data-widget_type=\"image-box.default\">\n\t\t\t\t<div class=\"elementor-widget-container\">\n\t\t\t\t\t<div class=\"elementor-image-box-wrapper\"><figure class=\"elementor-image-box-img\"><img loading=\"lazy\" decoding=\"async\" width=\"2560\" height=\"1706\" src=\"https:\/\/hunward.com\/wp-content\/uploads\/2025\/10\/pexels-photo-4742023-4742023-scaled.jpg\" class=\"attachment-full size-full wp-image-989103\" alt=\"Aerial view of an industrial water treatment plant showcasing clarifiers and tanks.\" title=\"\u00c0 PROPOS DE NOUS\" srcset=\"https:\/\/hunward.com\/wp-content\/uploads\/2025\/10\/pexels-photo-4742023-4742023-scaled.jpg 2560w, https:\/\/hunward.com\/wp-content\/uploads\/2025\/10\/pexels-photo-4742023-4742023-300x200.jpg 300w, https:\/\/hunward.com\/wp-content\/uploads\/2025\/10\/pexels-photo-4742023-4742023-1024x683.jpg 1024w, https:\/\/hunward.com\/wp-content\/uploads\/2025\/10\/pexels-photo-4742023-4742023-768x512.jpg 768w, https:\/\/hunward.com\/wp-content\/uploads\/2025\/10\/pexels-photo-4742023-4742023-1536x1024.jpg 1536w, https:\/\/hunward.com\/wp-content\/uploads\/2025\/10\/pexels-photo-4742023-4742023-2048x1365.jpg 2048w\" sizes=\"(max-width: 2560px) 100vw, 2560px\" \/><\/figure><div class=\"elementor-image-box-content\"><h3 class=\"elementor-image-box-title\">Transport d\u2019un syst\u00e8me de filtration d\u2019eau sur mesure vers l\u2019Angola<\/h3><\/div><\/div>\t\t\t\t<\/div>\n\t\t\t\t<\/div>\n\t\t\t\t<div class=\"elementor-element elementor-element-a01fcd7 elementor-widget__width-inherit elementor-position-top elementor-widget elementor-widget-image-box\" data-id=\"a01fcd7\" data-element_type=\"widget\" data-widget_type=\"image-box.default\">\n\t\t\t\t<div class=\"elementor-widget-container\">\n\t\t\t\t\t<div class=\"elementor-image-box-wrapper\"><figure class=\"elementor-image-box-img\"><img loading=\"lazy\" decoding=\"async\" width=\"940\" height=\"627\" src=\"https:\/\/hunward.com\/wp-content\/uploads\/2025\/10\/pexels-photo-5711038-5711038.jpg\" class=\"attachment-full size-full wp-image-989104\" alt=\"A joyful couple sharing breakfast and working on a laptop in their cozy kitchen.\" title=\"\u00c0 PROPOS DE NOUS\" srcset=\"https:\/\/hunward.com\/wp-content\/uploads\/2025\/10\/pexels-photo-5711038-5711038.jpg 940w, https:\/\/hunward.com\/wp-content\/uploads\/2025\/10\/pexels-photo-5711038-5711038-300x200.jpg 300w, https:\/\/hunward.com\/wp-content\/uploads\/2025\/10\/pexels-photo-5711038-5711038-768x512.jpg 768w\" sizes=\"(max-width: 940px) 100vw, 940px\" \/><\/figure><div class=\"elementor-image-box-content\"><h3 class=\"elementor-image-box-title\">Facilitation de transactions financi\u00e8res pour des pays africains <\/h3><p class=\"elementor-image-box-description\">(si\u00e8ge en Afrique du Sud)<\/p><\/div><\/div>\t\t\t\t<\/div>\n\t\t\t\t<\/div>\n\t\t\t\t<div class=\"elementor-element elementor-element-1ebb9f1 elementor-widget__width-inherit elementor-position-top elementor-widget elementor-widget-image-box\" data-id=\"1ebb9f1\" data-element_type=\"widget\" data-widget_type=\"image-box.default\">\n\t\t\t\t<div class=\"elementor-widget-container\">\n\t\t\t\t\t<div class=\"elementor-image-box-wrapper\"><figure class=\"elementor-image-box-img\"><img loading=\"lazy\" decoding=\"async\" width=\"2560\" height=\"1707\" src=\"https:\/\/hunward.com\/wp-content\/uploads\/2025\/10\/pexels-photo-3183153-3183153-scaled.jpg\" class=\"attachment-full size-full wp-image-989105\" alt=\"Team members analyze charts during a business meeting with laptops and smartphones.\" title=\"\u00c0 PROPOS DE NOUS\" srcset=\"https:\/\/hunward.com\/wp-content\/uploads\/2025\/10\/pexels-photo-3183153-3183153-scaled.jpg 2560w, https:\/\/hunward.com\/wp-content\/uploads\/2025\/10\/pexels-photo-3183153-3183153-300x200.jpg 300w, https:\/\/hunward.com\/wp-content\/uploads\/2025\/10\/pexels-photo-3183153-3183153-1024x683.jpg 1024w, https:\/\/hunward.com\/wp-content\/uploads\/2025\/10\/pexels-photo-3183153-3183153-768x512.jpg 768w, https:\/\/hunward.com\/wp-content\/uploads\/2025\/10\/pexels-photo-3183153-3183153-1536x1024.jpg 1536w, https:\/\/hunward.com\/wp-content\/uploads\/2025\/10\/pexels-photo-3183153-3183153-2048x1365.jpg 2048w\" sizes=\"(max-width: 2560px) 100vw, 2560px\" \/><\/figure><div class=\"elementor-image-box-content\"><h3 class=\"elementor-image-box-title\">\u00c9tudes de demande produit pour de nouveaux march\u00e9s<\/h3><p class=\"elementor-image-box-description\">(au Cameroun, au Ghana)<\/p><\/div><\/div>\t\t\t\t<\/div>\n\t\t\t\t<\/div>\n\t\t\t\t<div class=\"elementor-element elementor-element-b1b0439 elementor-widget__width-inherit elementor-position-top elementor-widget elementor-widget-image-box\" data-id=\"b1b0439\" data-element_type=\"widget\" data-widget_type=\"image-box.default\">\n\t\t\t\t<div class=\"elementor-widget-container\">\n\t\t\t\t\t<div class=\"elementor-image-box-wrapper\"><figure class=\"elementor-image-box-img\"><img loading=\"lazy\" decoding=\"async\" width=\"2560\" height=\"1707\" src=\"https:\/\/hunward.com\/wp-content\/uploads\/2025\/10\/pexels-photo-1250452-1250452-scaled.jpg\" class=\"attachment-full size-full wp-image-989106\" alt=\"Close-up of a child&#039;s hand resting gently on a man&#039;s hand, symbolizing love and support.\" title=\"\u00c0 PROPOS DE NOUS\" srcset=\"https:\/\/hunward.com\/wp-content\/uploads\/2025\/10\/pexels-photo-1250452-1250452-scaled.jpg 2560w, https:\/\/hunward.com\/wp-content\/uploads\/2025\/10\/pexels-photo-1250452-1250452-300x200.jpg 300w, https:\/\/hunward.com\/wp-content\/uploads\/2025\/10\/pexels-photo-1250452-1250452-1024x683.jpg 1024w, https:\/\/hunward.com\/wp-content\/uploads\/2025\/10\/pexels-photo-1250452-1250452-768x512.jpg 768w, https:\/\/hunward.com\/wp-content\/uploads\/2025\/10\/pexels-photo-1250452-1250452-1536x1024.jpg 1536w, https:\/\/hunward.com\/wp-content\/uploads\/2025\/10\/pexels-photo-1250452-1250452-2048x1365.jpg 2048w\" sizes=\"(max-width: 2560px) 100vw, 2560px\" \/><\/figure><div class=\"elementor-image-box-content\"><h3 class=\"elementor-image-box-title\">Initiative pro bono : soutien \u00e0 l\u2019implantation de l\u2019\u00c9glise orthodoxe russe \u00e0 travers l\u2019Afrique<\/h3><p class=\"elementor-image-box-description\">(\u00c9gypte, Madagascar, Kenya, Namibie, Afrique du Sud, Tanzanie, RDC, etc.)<\/p><\/div><\/div>\t\t\t\t<\/div>\n\t\t\t\t<\/div>\n\t\t\t\t<\/div>\n\t\t\t\t\t<\/div>\n\t\t\t\t<\/div>\n\t\t\t\t<\/div>\n\t\t","protected":false},"excerpt":{"rendered":"<p>\u00c0 PROPOS DE NOUS Votre passerelle unique vers les march\u00e9s africains Nous construisons des ponts l\u00e0 o\u00f9 il n\u2019en existe [&hellip;]<\/p>\n","protected":false},"author":2,"featured_media":0,"parent":0,"menu_order":0,"comment_status":"closed","ping_status":"closed","template":"elementor_header_footer","meta":{"site-sidebar-layout":"default","site-content-layout":"","ast-site-content-layout":"default","site-content-style":"default","site-sidebar-style":"default","ast-global-header-display":"","ast-banner-title-visibility":"","ast-main-header-display":"","ast-hfb-above-header-display":"","ast-hfb-below-header-display":"","ast-hfb-mobile-header-display":"","site-post-title":"disabled","ast-breadcrumbs-content":"disabled","ast-featured-img":"","footer-sml-layout":"","theme-transparent-header-meta":"","adv-header-id-meta":"","stick-header-meta":"","header-above-stick-meta":"","header-main-stick-meta":"","header-below-stick-meta":"","astra-migrate-meta-layouts":"default","ast-page-background-enabled":"default","ast-page-background-meta":{"desktop":{"background-color":"","background-image":"","background-repeat":"repeat","background-position":"center center","background-size":"auto","background-attachment":"scroll","background-type":"","background-media":"","overlay-type":"","overlay-color":"","overlay-opacity":"","overlay-gradient":""},"tablet":{"background-color":"","background-image":"","background-repeat":"repeat","background-position":"center center","background-size":"auto","background-attachment":"scroll","background-type":"","background-media":"","overlay-type":"","overlay-color":"","overlay-opacity":"","overlay-gradient":""},"mobile":{"background-color":"","background-image":"","background-repeat":"repeat","background-position":"center center","background-size":"auto","background-attachment":"scroll","background-type":"","background-media":"","overlay-type":"","overlay-color":"","overlay-opacity":"","overlay-gradient":""}},"ast-content-background-meta":{"desktop":{"background-color":"var(--ast-global-color-5)","background-image":"","background-repeat":"repeat","background-position":"center center","background-size":"auto","background-attachment":"scroll","background-type":"","background-media":"","overlay-type":"","overlay-color":"","overlay-opacity":"","overlay-gradient":""},"tablet":{"background-color":"var(--ast-global-color-5)","background-image":"","background-repeat":"repeat","background-position":"center center","background-size":"auto","background-attachment":"scroll","background-type":"","background-media":"","overlay-type":"","overlay-color":"","overlay-opacity":"","overlay-gradient":""},"mobile":{"background-color":"var(--ast-global-color-5)","background-image":"","background-repeat":"repeat","background-position":"center center","background-size":"auto","background-attachment":"scroll","background-type":"","background-media":"","overlay-type":"","overlay-color":"","overlay-opacity":"","overlay-gradient":""}},"footnotes":""},"class_list":["post-989112","page","type-page","status-publish","hentry"],"_links":{"self":[{"href":"https:\/\/hunward.com\/fr\/wp-json\/wp\/v2\/pages\/989112","targetHints":{"allow":["GET"]}}],"collection":[{"href":"https:\/\/hunward.com\/fr\/wp-json\/wp\/v2\/pages"}],"about":[{"href":"https:\/\/hunward.com\/fr\/wp-json\/wp\/v2\/types\/page"}],"author":[{"embeddable":true,"href":"https:\/\/hunward.com\/fr\/wp-json\/wp\/v2\/users\/2"}],"replies":[{"embeddable":true,"href":"https:\/\/hunward.com\/fr\/wp-json\/wp\/v2\/comments?post=989112"}],"version-history":[{"count":15,"href":"https:\/\/hunward.com\/fr\/wp-json\/wp\/v2\/pages\/989112\/revisions"}],"predecessor-version":[{"id":989774,"href":"https:\/\/hunward.com\/fr\/wp-json\/wp\/v2\/pages\/989112\/revisions\/989774"}],"wp:attachment":[{"href":"https:\/\/hunward.com\/fr\/wp-json\/wp\/v2\/media?parent=989112"}],"curies":[{"name":"wp","href":"https:\/\/api.w.org\/{rel}","templated":true}]}}