{"id":989036,"date":"2025-10-08T11:43:40","date_gmt":"2025-10-08T11:43:40","guid":{"rendered":"https:\/\/hunward.com\/evenements\/"},"modified":"2025-12-24T09:29:46","modified_gmt":"2025-12-24T09:29:46","slug":"events","status":"publish","type":"page","link":"https:\/\/hunward.com\/fr\/events\/","title":{"rendered":"\u00c9V\u00c9NEMENTS"},"content":{"rendered":"\t\t<div data-elementor-type=\"wp-page\" data-elementor-id=\"989036\" class=\"elementor elementor-989036 elementor-988760\" data-elementor-post-type=\"page\">\n\t\t\t\t<div class=\"elementor-element elementor-element-a5b60b8 e-flex e-con-boxed e-con e-child\" data-id=\"a5b60b8\" data-element_type=\"container\" data-settings=\"{&quot;background_background&quot;:&quot;classic&quot;,&quot;background_motion_fx_motion_fx_scrolling&quot;:&quot;yes&quot;,&quot;background_motion_fx_devices&quot;:[&quot;desktop&quot;,&quot;tablet&quot;,&quot;mobile&quot;]}\">\n\t\t\t\t\t<div class=\"e-con-inner\">\n\t\t<div class=\"elementor-element elementor-element-e5a4aa4 e-con-full e-flex e-con e-child\" data-id=\"e5a4aa4\" data-element_type=\"container\">\n\t\t<div class=\"elementor-element elementor-element-1d2506b e-con-full e-flex e-con e-child\" data-id=\"1d2506b\" data-element_type=\"container\">\n\t\t\t\t<div class=\"elementor-element elementor-element-928092d elementor-hidden-desktop elementor-hidden-tablet elementor-hidden-mobile elementor-widget elementor-widget-heading\" data-id=\"928092d\" data-element_type=\"widget\" data-widget_type=\"heading.default\">\n\t\t\t\t<div class=\"elementor-widget-container\">\n\t\t\t\t\t<h2 class=\"elementor-heading-title elementor-size-default\">EVENTS<\/h2>\t\t\t\t<\/div>\n\t\t\t\t<\/div>\n\t\t\t\t<\/div>\n\t\t<div class=\"elementor-element elementor-element-f9c6e2e e-con-full e-flex e-con e-child\" data-id=\"f9c6e2e\" data-element_type=\"container\">\n\t\t\t\t<div class=\"elementor-element elementor-element-af19438 elementor-widget elementor-widget-heading\" data-id=\"af19438\" data-element_type=\"widget\" data-widget_type=\"heading.default\">\n\t\t\t\t<div class=\"elementor-widget-container\">\n\t\t\t\t\t<h1 class=\"elementor-heading-title elementor-size-default\">\u00c9V\u00c9NEMENTS\u200b<\/h1>\t\t\t\t<\/div>\n\t\t\t\t<\/div>\n\t\t\t\t<\/div>\n\t\t<div class=\"elementor-element elementor-element-dde9dd1 e-con-full e-flex e-con e-child\" data-id=\"dde9dd1\" data-element_type=\"container\">\n\t\t\t\t<div class=\"elementor-element elementor-element-f993791 elementor-widget elementor-widget-heading\" data-id=\"f993791\" data-element_type=\"widget\" data-widget_type=\"heading.default\">\n\t\t\t\t<div class=\"elementor-widget-container\">\n\t\t\t\t\t<p class=\"elementor-heading-title elementor-size-default\">Dans le cadre de notre mission permanente visant \u00e0 rester \u00e0 la pointe des avanc\u00e9es du commerce international, nous participons r\u00e9guli\u00e8rement \u00e0 des forums et des salons majeurs. Vous trouverez ici un aper\u00e7u des \u00e9v\u00e9nements o\u00f9 notre \u00e9quipe a repr\u00e9sent\u00e9 l'entreprise.<\/p>\t\t\t\t<\/div>\n\t\t\t\t<\/div>\n\t\t\t\t<\/div>\n\t\t\t\t<\/div>\n\t\t\t\t\t<\/div>\n\t\t\t\t<\/div>\n\t\t<div class=\"elementor-element elementor-element-1413c0f e-flex e-con-boxed e-con e-parent\" data-id=\"1413c0f\" data-element_type=\"container\">\n\t\t\t\t\t<div class=\"e-con-inner\">\n\t\t\t\t<div class=\"elementor-element elementor-element-4b435c4 elementor-grid-2 elementor-grid-tablet-2 elementor-grid-mobile-1 elementor-posts--thumbnail-top elementor-card-shadow-yes elementor-posts__hover-gradient elementor-widget elementor-widget-posts\" data-id=\"4b435c4\" data-element_type=\"widget\" data-settings=\"{&quot;cards_columns&quot;:&quot;2&quot;,&quot;pagination_type&quot;:&quot;numbers_and_prev_next&quot;,&quot;cards_row_gap&quot;:{&quot;unit&quot;:&quot;px&quot;,&quot;size&quot;:50,&quot;sizes&quot;:[]},&quot;cards_masonry&quot;:&quot;yes&quot;,&quot;cards_columns_tablet&quot;:&quot;2&quot;,&quot;cards_columns_mobile&quot;:&quot;1&quot;,&quot;cards_row_gap_tablet&quot;:{&quot;unit&quot;:&quot;px&quot;,&quot;size&quot;:&quot;&quot;,&quot;sizes&quot;:[]},&quot;cards_row_gap_mobile&quot;:{&quot;unit&quot;:&quot;px&quot;,&quot;size&quot;:&quot;&quot;,&quot;sizes&quot;:[]}}\" data-widget_type=\"posts.cards\">\n\t\t\t\t<div class=\"elementor-widget-container\">\n\t\t\t\t\t\t\t<div class=\"elementor-posts-container elementor-posts elementor-posts--skin-cards elementor-grid\" role=\"list\">\n\t\t\t\t<article class=\"elementor-post elementor-grid-item post-989827 post type-post status-publish format-standard has-post-thumbnail hentry category-non-categorise\" role=\"listitem\">\n\t\t\t<div class=\"elementor-post__card\">\n\t\t\t\t<a class=\"elementor-post__thumbnail__link\" href=\"https:\/\/hunward.com\/fr\/exposition-dequipements-et-de-technologies-pour-le-complexe-energetique-octobre-2025\/\" tabindex=\"-1\" ><div class=\"elementor-post__thumbnail\"><img fetchpriority=\"high\" decoding=\"async\" width=\"300\" height=\"169\" src=\"https:\/\/hunward.com\/wp-content\/uploads\/2025\/10\/hunward-contacs-edited-300x169.jpg\" class=\"attachment-medium size-medium wp-image-989828\" alt=\"hunward contacs\" srcset=\"https:\/\/hunward.com\/wp-content\/uploads\/2025\/10\/hunward-contacs-edited-300x169.jpg 300w, https:\/\/hunward.com\/wp-content\/uploads\/2025\/10\/hunward-contacs-edited-1024x576.jpg 1024w, https:\/\/hunward.com\/wp-content\/uploads\/2025\/10\/hunward-contacs-edited-768x432.jpg 768w, https:\/\/hunward.com\/wp-content\/uploads\/2025\/10\/hunward-contacs-edited-1536x864.jpg 1536w, https:\/\/hunward.com\/wp-content\/uploads\/2025\/10\/hunward-contacs-edited.jpg 1618w\" sizes=\"(max-width: 300px) 100vw, 300px\" title=\"AGROPRODMASH-2025\"><\/div><\/a>\n\t\t\t\t<div class=\"elementor-post__badge\">Non cat\u00e9goris\u00e9<\/div>\n\t\t\t\t<div class=\"elementor-post__text\">\n\t\t\t\t<h3 class=\"elementor-post__title\">\n\t\t\t<a href=\"https:\/\/hunward.com\/fr\/exposition-dequipements-et-de-technologies-pour-le-complexe-energetique-octobre-2025\/\" >\n\t\t\t\tExposition d&#8217;\u00e9quipements et de technologies pour le complexe \u00e9nerg\u00e9tique, octobre 2025\t\t\t<\/a>\n\t\t<\/h3>\n\t\t\t\t<div class=\"elementor-post__excerpt\">\n\t\t\t<p>Texte descriptif et photo<\/p>\n\t\t<\/div>\n\t\t\n\t\t<a class=\"elementor-post__read-more\" href=\"https:\/\/hunward.com\/fr\/exposition-dequipements-et-de-technologies-pour-le-complexe-energetique-octobre-2025\/\" aria-label=\"Read more about Exposition d&#8217;\u00e9quipements et de technologies pour le complexe \u00e9nerg\u00e9tique, octobre 2025\" tabindex=\"-1\" >\n\t\t\tLire la suite \u00bb\t\t<\/a>\n\n\t\t\t\t<\/div>\n\t\t\t\t<div class=\"elementor-post__meta-data\">\n\t\t\t\t\t<span class=\"elementor-post-date\">\n\t\t\toctobre 10, 2025\t\t<\/span>\n\t\t\t\t<span class=\"elementor-post-avatar\">\n\t\t\tAucun commentaire\t\t<\/span>\n\t\t\t\t<\/div>\n\t\t\t\t\t<\/div>\n\t\t<\/article>\n\t\t\t\t<article class=\"elementor-post elementor-grid-item post-989825 post type-post status-publish format-standard hentry category-non-categorise\" role=\"listitem\">\n\t\t\t<div class=\"elementor-post__card\">\n\t\t\t\t<div class=\"elementor-post__text\">\n\t\t\t\t<h3 class=\"elementor-post__title\">\n\t\t\t<a href=\"https:\/\/hunward.com\/fr\/agroprodmash-2025\/\" >\n\t\t\t\tAGROPRODMASH-2025\t\t\t<\/a>\n\t\t<\/h3>\n\t\t\t\t<div class=\"elementor-post__excerpt\">\n\t\t\t<p>Texte descriptif et photo<\/p>\n\t\t<\/div>\n\t\t\n\t\t<a class=\"elementor-post__read-more\" href=\"https:\/\/hunward.com\/fr\/agroprodmash-2025\/\" aria-label=\"Read more about AGROPRODMASH-2025\" tabindex=\"-1\" >\n\t\t\tLire la suite \u00bb\t\t<\/a>\n\n\t\t\t\t<\/div>\n\t\t\t\t<div class=\"elementor-post__meta-data\">\n\t\t\t\t\t<span class=\"elementor-post-date\">\n\t\t\toctobre 10, 2025\t\t<\/span>\n\t\t\t\t<span class=\"elementor-post-avatar\">\n\t\t\tAucun commentaire\t\t<\/span>\n\t\t\t\t<\/div>\n\t\t\t\t\t<\/div>\n\t\t<\/article>\n\t\t\t\t<\/div>\n\t\t\n\t\t\t\t\t\t<\/div>\n\t\t\t\t<\/div>\n\t\t\t\t\t<\/div>\n\t\t\t\t<\/div>\n\t\t\t\t<\/div>\n\t\t","protected":false},"excerpt":{"rendered":"<p>EVENTS \u00c9V\u00c9NEMENTS\u200b Dans le cadre de notre mission permanente visant \u00e0 rester \u00e0 la pointe des avanc\u00e9es du commerce international, [&hellip;]<\/p>\n","protected":false},"author":2,"featured_media":0,"parent":0,"menu_order":0,"comment_status":"closed","ping_status":"closed","template":"","meta":{"site-sidebar-layout":"no-sidebar","site-content-layout":"page-builder","ast-site-content-layout":"full-width-container","site-content-style":"default","site-sidebar-style":"default","ast-global-header-display":"","ast-banner-title-visibility":"","ast-main-header-display":"","ast-hfb-above-header-display":"","ast-hfb-below-header-display":"","ast-hfb-mobile-header-display":"","site-post-title":"disabled","ast-breadcrumbs-content":"","ast-featured-img":"disabled","footer-sml-layout":"","theme-transparent-header-meta":"","adv-header-id-meta":"","stick-header-meta":"","header-above-stick-meta":"","header-main-stick-meta":"","header-below-stick-meta":"","astra-migrate-meta-layouts":"default","ast-page-background-enabled":"default","ast-page-background-meta":{"desktop":{"background-color":"","background-image":"","background-repeat":"repeat","background-position":"center center","background-size":"auto","background-attachment":"scroll","background-type":"","background-media":"","overlay-type":"","overlay-color":"","overlay-opacity":"","overlay-gradient":""},"tablet":{"background-color":"","background-image":"","background-repeat":"repeat","background-position":"center center","background-size":"auto","background-attachment":"scroll","background-type":"","background-media":"","overlay-type":"","overlay-color":"","overlay-opacity":"","overlay-gradient":""},"mobile":{"background-color":"","background-image":"","background-repeat":"repeat","background-position":"center center","background-size":"auto","background-attachment":"scroll","background-type":"","background-media":"","overlay-type":"","overlay-color":"","overlay-opacity":"","overlay-gradient":""}},"ast-content-background-meta":{"desktop":{"background-color":"var(--ast-global-color-5)","background-image":"","background-repeat":"repeat","background-position":"center center","background-size":"auto","background-attachment":"scroll","background-type":"","background-media":"","overlay-type":"","overlay-color":"","overlay-opacity":"","overlay-gradient":""},"tablet":{"background-color":"var(--ast-global-color-5)","background-image":"","background-repeat":"repeat","background-position":"center center","background-size":"auto","background-attachment":"scroll","background-type":"","background-media":"","overlay-type":"","overlay-color":"","overlay-opacity":"","overlay-gradient":""},"mobile":{"background-color":"var(--ast-global-color-5)","background-image":"","background-repeat":"repeat","background-position":"center center","background-size":"auto","background-attachment":"scroll","background-type":"","background-media":"","overlay-type":"","overlay-color":"","overlay-opacity":"","overlay-gradient":""}},"footnotes":""},"class_list":["post-989036","page","type-page","status-publish","hentry"],"_links":{"self":[{"href":"https:\/\/hunward.com\/fr\/wp-json\/wp\/v2\/pages\/989036","targetHints":{"allow":["GET"]}}],"collection":[{"href":"https:\/\/hunward.com\/fr\/wp-json\/wp\/v2\/pages"}],"about":[{"href":"https:\/\/hunward.com\/fr\/wp-json\/wp\/v2\/types\/page"}],"author":[{"embeddable":true,"href":"https:\/\/hunward.com\/fr\/wp-json\/wp\/v2\/users\/2"}],"replies":[{"embeddable":true,"href":"https:\/\/hunward.com\/fr\/wp-json\/wp\/v2\/comments?post=989036"}],"version-history":[{"count":14,"href":"https:\/\/hunward.com\/fr\/wp-json\/wp\/v2\/pages\/989036\/revisions"}],"predecessor-version":[{"id":989845,"href":"https:\/\/hunward.com\/fr\/wp-json\/wp\/v2\/pages\/989036\/revisions\/989845"}],"wp:attachment":[{"href":"https:\/\/hunward.com\/fr\/wp-json\/wp\/v2\/media?parent=989036"}],"curies":[{"name":"wp","href":"https:\/\/api.w.org\/{rel}","templated":true}]}}